{"id":8115,"date":"2025-10-10T17:23:53","date_gmt":"2025-10-10T16:23:53","guid":{"rendered":"https:\/\/motor-surf.ma\/?page_id=8115"},"modified":"2025-10-19T19:31:28","modified_gmt":"2025-10-19T18:31:28","slug":"reservation","status":"publish","type":"page","link":"https:\/\/motor-surf.ma\/en\/reservation\/","title":{"rendered":"Booking"},"content":{"rendered":"<div data-elementor-type=\"wp-page\" data-elementor-id=\"8115\" class=\"elementor elementor-8115\">\n\t\t\t\t<div class=\"elementor-element elementor-element-201d28a e-flex e-con-boxed e-con e-parent\" data-id=\"201d28a\" data-element_type=\"container\" data-e-type=\"container\">\n\t\t\t\t\t<div class=\"e-con-inner\">\n\t\t\t\t<div class=\"elementor-element elementor-element-0ba3f3c elementor-widget elementor-widget-spacer\" data-id=\"0ba3f3c\" data-element_type=\"widget\" data-e-type=\"widget\" data-widget_type=\"spacer.default\">\n\t\t\t\t<div class=\"elementor-widget-container\">\n\t\t\t\t\t\t\t<div class=\"elementor-spacer\">\n\t\t\t<div class=\"elementor-spacer-inner\"><\/div>\n\t\t<\/div>\n\t\t\t\t\t\t<\/div>\n\t\t\t\t<\/div>\n\t\t\t\t<div class=\"elementor-element elementor-element-c17e9aa elementor-widget elementor-widget-heading\" data-id=\"c17e9aa\" data-element_type=\"widget\" data-e-type=\"widget\" data-widget_type=\"heading.default\">\n\t\t\t\t<div class=\"elementor-widget-container\">\n\t\t\t\t\t<h2 class=\"elementor-heading-title elementor-size-default\">Book your test !\n<\/h2>\t\t\t\t<\/div>\n\t\t\t\t<\/div>\n\t\t\t\t<div class=\"elementor-element elementor-element-d00f5fe elementor-widget elementor-widget-heading\" data-id=\"d00f5fe\" data-element_type=\"widget\" data-e-type=\"widget\" data-widget_type=\"heading.default\">\n\t\t\t\t<div class=\"elementor-widget-container\">\n\t\t\t\t\t<h2 class=\"elementor-heading-title elementor-size-default\">Email or Phone <\/h2>\t\t\t\t<\/div>\n\t\t\t\t<\/div>\n\t\t\t\t<div class=\"elementor-element elementor-element-102a831 elementor-widget elementor-widget-text-editor\" data-id=\"102a831\" data-element_type=\"widget\" data-e-type=\"widget\" data-widget_type=\"text-editor.default\">\n\t\t\t\t<div class=\"elementor-widget-container\">\n\t\t\t\t\t\t\t\t\t<section style=\"background: linear-gradient(to right, #000000, #1b1b1b); padding: 60px 5%; font-family: 'Poppins', sans-serif;\">\n<div style=\"max-width: 1200px; margin: auto; display: flex; flex-wrap: wrap; align-items: center; justify-content: center; gap: 40px;\">\n\n<!-- Text Content -->\n<div style=\"flex: 1 1 400px; min-width: 300px;\">\n<h2 style=\"font-size: clamp(22px, 4vw, 36px); color: #ff9100; margin-bottom: 20px; text-align: center;\"> Experience Motor Surfing in Agadir.<\/h2>\n<p style=\"font-size: clamp(15px, 2vw, 18px); color: #e0e0e0; margin-bottom: 25px; text-align: center;\">Experience the ultimate feel of gliding without limits \u2014 book now your surf session electric Agadir and conquer the waves... even without a wave !<\/p>\n\n<div style=\"text-align: center;\">\n<p style=\"margin: 8px 0;\"><strong style=\"color: #4caf50;\">\ud83d\udcde Phone:<\/strong>\n<a style=\"color: #ff9100; text-decoration: none;\" href=\"tel:+212635451695\">+212 6 35 45 16 95<\/a><\/p>\n<p style=\"margin: 8px 0;\"><strong style=\"color: #4caf50;\">\ud83d\udce7 Email:<\/strong>\n<a style=\"color: #ff9100; text-decoration: none;\" href=\"mailto:motor-surf-paradise@hotmail.com\">motor-surf-paradise@hotmail.com<\/a><\/p>\n\n<\/div>\n<\/div>\n<!-- Map -->\n<div style=\"flex: 1 1 400px; min-width: 300px; display: flex; justify-content: center;\">\n<div style=\"width: 100%; max-width: 600px; border-radius: 12px; overflow: hidden; box-shadow: 0 4px 15px rgba(255, 145, 0, 0.3); border: 2px solid #4caf50;\"><iframe style=\"border: 0; width: 100%; height: 300px;\" src=\"https:\/\/www.google.com\/maps\/embed?pb=!1m18!1m12!1m3!1d13290.274243052577!2d-9.620517177603276!3d30.420960210427506!2m3!1f0!2f0!3f0!3m2!1i1024!2i768!4f13.1!3m3!1m2!1s0xdb3b65b7e85f38b%3A0x6f04cf95bd30e8b3!2sMarina%20Agadir!5e0!3m2!1sen!2sma!4v1698170000000!5m2!1sen!2sma\" allowfullscreen=\"allowfullscreen\">\n<\/iframe><\/div>\n<\/div>\n<\/div>\n<\/section>\t\t\t\t\t\t\t\t<\/div>\n\t\t\t\t<\/div>\n\t\t\t\t\t<\/div>\n\t\t\t\t<\/div>\n\t\t\t\t<\/div>","protected":false},"excerpt":{"rendered":"<p>R\u00e9servez votre essai ! Par Email ou Phone Vivez l&rsquo;exp\u00e9rience Motor Surf \u00e0 Agadir. Vivez la sensation ultime de glisse sans limites \u2014 r\u00e9servez d\u00e8s maintenant votre session de surf \u00e9lectrique \u00e0 Agadir et domptez les vagues\u2026 m\u00eame sans houle ! \ud83d\udcde Phone: +212 6 35 45 16 95 \ud83d\udce7 Email: motor-surf-paradise@hotmail.com<\/p>","protected":false},"author":1,"featured_media":0,"parent":0,"menu_order":0,"comment_status":"closed","ping_status":"closed","template":"","meta":{"_surecart_dashboard_logo_width":"180px","_surecart_dashboard_show_logo":true,"_surecart_dashboard_navigation_orders":true,"_surecart_dashboard_navigation_invoices":true,"_surecart_dashboard_navigation_subscriptions":true,"_surecart_dashboard_navigation_downloads":true,"_surecart_dashboard_navigation_billing":true,"_surecart_dashboard_navigation_account":true,"_uag_custom_page_level_css":"","site-sidebar-layout":"no-sidebar","site-content-layout":"page-builder","ast-site-content-layout":"full-width-container","site-content-style":"unboxed","site-sidebar-style":"unboxed","ast-global-header-display":"","ast-banner-title-visibility":"","ast-main-header-display":"","ast-hfb-above-header-display":"","ast-hfb-below-header-display":"","ast-hfb-mobile-header-display":"","site-post-title":"","ast-breadcrumbs-content":"","ast-featured-img":"disabled","footer-sml-layout":"","ast-disable-related-posts":"","theme-transparent-header-meta":"","adv-header-id-meta":"","stick-header-meta":"","header-above-stick-meta":"","header-main-stick-meta":"","header-below-stick-meta":"","astra-migrate-meta-layouts":"set","ast-page-background-enabled":"default","ast-page-background-meta":{"desktop":{"background-color":"","background-image":"","background-repeat":"repeat","background-position":"center center","background-size":"auto","background-attachment":"scroll","background-type":"","background-media":"","overlay-type":"","overlay-color":"","overlay-opacity":"","overlay-gradient":""},"tablet":{"background-color":"","background-image":"","background-repeat":"repeat","background-position":"center center","background-size":"auto","background-attachment":"scroll","background-type":"","background-media":"","overlay-type":"","overlay-color":"","overlay-opacity":"","overlay-gradient":""},"mobile":{"background-color":"","background-image":"","background-repeat":"repeat","background-position":"center center","background-size":"auto","background-attachment":"scroll","background-type":"","background-media":"","overlay-type":"","overlay-color":"","overlay-opacity":"","overlay-gradient":""}},"ast-content-background-meta":{"desktop":{"background-color":"var(--ast-global-color-5)","background-image":"","background-repeat":"repeat","background-position":"center center","background-size":"auto","background-attachment":"scroll","background-type":"","background-media":"","overlay-type":"","overlay-color":"","overlay-opacity":"","overlay-gradient":""},"tablet":{"background-color":"var(--ast-global-color-5)","background-image":"","background-repeat":"repeat","background-position":"center center","background-size":"auto","background-attachment":"scroll","background-type":"","background-media":"","overlay-type":"","overlay-color":"","overlay-opacity":"","overlay-gradient":""},"mobile":{"background-color":"var(--ast-global-color-5)","background-image":"","background-repeat":"repeat","background-position":"center center","background-size":"auto","background-attachment":"scroll","background-type":"","background-media":"","overlay-type":"","overlay-color":"","overlay-opacity":"","overlay-gradient":""}},"footnotes":""},"class_list":["post-8115","page","type-page","status-publish","hentry"],"uagb_featured_image_src":{"full":false,"thumbnail":false,"medium":false,"medium_large":false,"large":false,"1536x1536":false,"2048x2048":false,"trp-custom-language-flag":false,"woocommerce_thumbnail":false,"woocommerce_single":false,"woocommerce_gallery_thumbnail":false},"uagb_author_info":{"display_name":"omar.soffi.1234@gmail.com","author_link":"https:\/\/motor-surf.ma\/en\/author\/omar-soffi-1234gmail-com\/"},"uagb_comment_info":0,"uagb_excerpt":"R\u00e9servez votre essai ! Par Email ou Phone Vivez l&rsquo;exp\u00e9rience Motor Surf \u00e0 Agadir. Vivez la sensation ultime de glisse sans limites \u2014 r\u00e9servez d\u00e8s maintenant votre session de surf \u00e9lectrique \u00e0 Agadir et domptez les vagues\u2026 m\u00eame sans houle ! \ud83d\udcde Phone: +212 6 35 45 16 95 \ud83d\udce7 Email: motor-surf-paradise@hotmail.com","_links":{"self":[{"href":"https:\/\/motor-surf.ma\/en\/wp-json\/wp\/v2\/pages\/8115","targetHints":{"allow":["GET"]}}],"collection":[{"href":"https:\/\/motor-surf.ma\/en\/wp-json\/wp\/v2\/pages"}],"about":[{"href":"https:\/\/motor-surf.ma\/en\/wp-json\/wp\/v2\/types\/page"}],"author":[{"embeddable":true,"href":"https:\/\/motor-surf.ma\/en\/wp-json\/wp\/v2\/users\/1"}],"replies":[{"embeddable":true,"href":"https:\/\/motor-surf.ma\/en\/wp-json\/wp\/v2\/comments?post=8115"}],"version-history":[{"count":21,"href":"https:\/\/motor-surf.ma\/en\/wp-json\/wp\/v2\/pages\/8115\/revisions"}],"predecessor-version":[{"id":8381,"href":"https:\/\/motor-surf.ma\/en\/wp-json\/wp\/v2\/pages\/8115\/revisions\/8381"}],"wp:attachment":[{"href":"https:\/\/motor-surf.ma\/en\/wp-json\/wp\/v2\/media?parent=8115"}],"curies":[{"name":"wp","href":"https:\/\/api.w.org\/{rel}","templated":true}]}}